{"id":660,"date":"2016-09-13T05:16:57","date_gmt":"2016-09-13T05:16:57","guid":{"rendered":"http:\/\/www.care-trade-international.de\/fr\/?page_id=660"},"modified":"2016-09-13T05:16:57","modified_gmt":"2016-09-13T05:16:57","slug":"machines","status":"publish","type":"page","link":"https:\/\/www.care-trade-international.de\/fr\/machines\/","title":{"rendered":"Machines"},"content":{"rendered":"<p>[vc_row][vc_column width=\u00a0\u00bb1\/2&Prime;]\n<ul class=\"slider-simple shortcode-photo-slider photoSlider\" data-width=\"800\" data-height=\"600\" data-autoslide=\"5000\" data-paused=\"false\" style=\"width: 100%\" data-img-mode=\"fill\">\n\t<li>\n\t\t<img class=\"preload-me\" src=\"https:\/\/www.care-trade-international.de\/wp-content\/uploads\/2016\/08\/Container-heavy.jpg\" srcset=\"https:\/\/www.care-trade-international.de\/wp-content\/uploads\/2016\/08\/Container-heavy.jpg 1400w\" width=\"1400\" height=\"803\"  alt=\"\"  \/>\n\t\t<div class=\"slider-post-caption\">\n\t\t\t<div class=\"slider-post-inner\">\n\t\t\t\t<h4>Pump<\/h4>\n\t\t\t<\/div>\n\t\t<\/div><\/li>\n\t<li>\n\t\t<img class=\"preload-me\" src=\"https:\/\/www.care-trade-international.de\/wp-content\/uploads\/2016\/08\/shutterstock_81760036.jpg\" srcset=\"https:\/\/www.care-trade-international.de\/wp-content\/uploads\/2016\/08\/shutterstock_81760036.jpg 1000w\" width=\"1000\" height=\"667\"  alt=\"\"  \/>\n\t\t<div class=\"slider-post-caption\">\n\t\t\t<div class=\"slider-post-inner\">\n\t\t\t\t<h4>Tractor<\/h4>\n\t\t\t<\/div>\n\t\t<\/div><\/li>\n\t<li>\n\t\t<img class=\"preload-me\" src=\"https:\/\/www.care-trade-international.de\/wp-content\/uploads\/2016\/08\/jdmaeh.jpg\" srcset=\"https:\/\/www.care-trade-international.de\/wp-content\/uploads\/2016\/08\/jdmaeh.jpg 640w\" width=\"640\" height=\"480\"  alt=\"\"  \/>\n\t\t<div class=\"slider-post-caption\">\n\t\t\t<div class=\"slider-post-inner\">\n\t\t\t\t<h4>Harvester<\/h4>\n\t\t\t<\/div>\n\t\t<\/div><\/li>\n\t<li>\n\t\t<img class=\"preload-me\" src=\"https:\/\/www.care-trade-international.de\/wp-content\/uploads\/2016\/08\/guelle.jpg\" srcset=\"https:\/\/www.care-trade-international.de\/wp-content\/uploads\/2016\/08\/guelle.jpg 640w\" width=\"640\" height=\"480\"  alt=\"\"  \/>\n\t\t<div class=\"slider-post-caption\">\n\t\t\t<div class=\"slider-post-inner\">\n\t\t\t\t<h4>Farming equipment<\/h4>\n\t\t\t<\/div>\n\t\t<\/div><\/li>\n\t<li>\n\t\t<img class=\"preload-me\" src=\"https:\/\/www.care-trade-international.de\/wp-content\/uploads\/2016\/08\/shutterstock_88792156.jpg\" srcset=\"https:\/\/www.care-trade-international.de\/wp-content\/uploads\/2016\/08\/shutterstock_88792156.jpg 1000w\" width=\"1000\" height=\"667\"  alt=\"\"  \/>\n\t\t<div class=\"slider-post-caption\">\n\t\t\t<div class=\"slider-post-inner\">\n\t\t\t\t<h4>Excavator<\/h4>\n\t\t\t<\/div>\n\t\t<\/div><\/li>\n\t<li>\n\t\t<img class=\"preload-me\" src=\"https:\/\/www.care-trade-international.de\/wp-content\/uploads\/2016\/08\/feuerwehrkan-3.jpg\" srcset=\"https:\/\/www.care-trade-international.de\/wp-content\/uploads\/2016\/08\/feuerwehrkan-3.jpg 450w\" width=\"450\" height=\"338\"  alt=\"\"  \/>\n\t\t<div class=\"slider-post-caption\">\n\t\t\t<div class=\"slider-post-inner\">\n\t\t\t\t<h4>Firecrane<\/h4>\n\t\t\t<\/div>\n\t\t<\/div><\/li><\/ul>[vc_empty_space][\/vc_column][vc_column width=\u00a0\u00bb1\/2&Prime;][vc_custom_heading text=\u00a0\u00bbMachines\u00a0\u00bb font_container=\u00a0\u00bbtag:h2|text_align:left|color:%237ab5dc\u00a0\u00bb use_theme_fonts=\u00a0\u00bbyes\u00a0\u00bb][vc_column_text]Nous fournissons les marques nouvelles d`Europe et les \u00e9quipements sp\u00e9ciaux de tous les fabricants importants: Chargeurs de roue, excavateurs, bulldozers, machines de construction routi\u00e8res, tracteurs, forage de puits, brigades de sapeurs-pompiers, camions de grue, grues, Les usines de m\u00e9lange de sconcr\u00e8tes,des usines des bitume, des d\u00e9chiqueteuses, des g\u00e9n\u00e9rateurs stationnaires, des g\u00e9n\u00e9rateurs mobiles, des compresseurs et beaucoup plus.<\/p>\n<p>Nous pouvons vous fournir toute machine d\u00e9sir\u00e9e.<br \/>\n<strong>Placez votre demande.<\/strong>[\/vc_column_text][\/vc_column][\/vc_row]<\/p>\n","protected":false},"excerpt":{"rendered":"<p>[vc_row][vc_column width=\u00a0\u00bb1\/2&Prime;][vc_empty_space][\/vc_column][vc_column width=\u00a0\u00bb1\/2&Prime;][vc_custom_heading text=\u00a0\u00bbMachines\u00a0\u00bb font_container=\u00a0\u00bbtag:h2|text_align:left|color:%237ab5dc\u00a0\u00bb use_theme_fonts=\u00a0\u00bbyes\u00a0\u00bb][vc_column_text]Nous fournissons les marques nouvelles d`Europe et les \u00e9quipements sp\u00e9ciaux de tous les fabricants importants: Chargeurs de roue, excavateurs, bulldozers, machines de construction routi\u00e8res, tracteurs, forage de puits, brigades de sapeurs-pompiers, camions de grue, grues, Les usines de m\u00e9lange de sconcr\u00e8tes,des usines des bitume, des d\u00e9chiqueteuses, des g\u00e9n\u00e9rateurs stationnaires, des&hellip;<\/p>\n","protected":false},"author":1,"featured_media":0,"parent":0,"menu_order":0,"comment_status":"closed","ping_status":"closed","template":"","meta":[],"yoast_head":"<!-- This site is optimized with the Yoast SEO plugin v15.3 - https:\/\/yoast.com\/wordpress\/plugins\/seo\/ -->\n<title>Machines - CareTrade International Ltd.<\/title>\n<meta name=\"robots\" content=\"index, follow, max-snippet:-1, max-image-preview:large, max-video-preview:-1\" \/>\n<link rel=\"canonical\" href=\"https:\/\/www.care-trade-international.de\/fr\/machines\/\" \/>\n<meta property=\"og:locale\" content=\"fr_FR\" \/>\n<meta property=\"og:type\" content=\"article\" \/>\n<meta property=\"og:title\" content=\"Machines - CareTrade International Ltd.\" \/>\n<meta property=\"og:description\" content=\"[vc_row][vc_column width=\u00a0\u00bb1\/2&Prime;][vc_empty_space][\/vc_column][vc_column width=\u00a0\u00bb1\/2&Prime;][vc_custom_heading text=\u00a0\u00bbMachines\u00a0\u00bb font_container=\u00a0\u00bbtag:h2|text_align:left|color:%237ab5dc\u00a0\u00bb use_theme_fonts=\u00a0\u00bbyes\u00a0\u00bb][vc_column_text]Nous fournissons les marques nouvelles d`Europe et les \u00e9quipements sp\u00e9ciaux de tous les fabricants importants: Chargeurs de roue, excavateurs, bulldozers, machines de construction routi\u00e8res, tracteurs, forage de puits, brigades de sapeurs-pompiers, camions de grue, grues, Les usines de m\u00e9lange de sconcr\u00e8tes,des usines des bitume, des d\u00e9chiqueteuses, des g\u00e9n\u00e9rateurs stationnaires, des&hellip;\" \/>\n<meta property=\"og:url\" content=\"https:\/\/www.care-trade-international.de\/fr\/machines\/\" \/>\n<meta property=\"og:site_name\" content=\"CareTrade International Ltd.\" \/>\n<meta name=\"twitter:card\" content=\"summary\" \/>\n<meta name=\"twitter:label1\" content=\"\u00c9crit par\">\n\t<meta name=\"twitter:data1\" content=\"Jakob\">\n\t<meta name=\"twitter:label2\" content=\"Dur\u00e9e de lecture est.\">\n\t<meta name=\"twitter:data2\" content=\"1 minute\">\n<script type=\"application\/ld+json\" class=\"yoast-schema-graph\">{\"@context\":\"https:\/\/schema.org\",\"@graph\":[{\"@type\":\"WebSite\",\"@id\":\"https:\/\/www.care-trade-international.de\/#website\",\"url\":\"https:\/\/www.care-trade-international.de\/\",\"name\":\"CareTrade International Ltd.\",\"description\":\"Limited\",\"potentialAction\":[{\"@type\":\"SearchAction\",\"target\":\"https:\/\/www.care-trade-international.de\/?s={search_term_string}\",\"query-input\":\"required name=search_term_string\"}],\"inLanguage\":\"fr-FR\"},{\"@type\":\"WebPage\",\"@id\":\"https:\/\/www.care-trade-international.de\/fr\/machines\/#webpage\",\"url\":\"https:\/\/www.care-trade-international.de\/fr\/machines\/\",\"name\":\"Machines - CareTrade International Ltd.\",\"isPartOf\":{\"@id\":\"https:\/\/www.care-trade-international.de\/#website\"},\"datePublished\":\"2016-09-13T05:16:57+00:00\",\"dateModified\":\"2016-09-13T05:16:57+00:00\",\"inLanguage\":\"fr-FR\",\"potentialAction\":[{\"@type\":\"ReadAction\",\"target\":[\"https:\/\/www.care-trade-international.de\/fr\/machines\/\"]}]}]}<\/script>\n<!-- \/ Yoast SEO plugin. -->","_links":{"self":[{"href":"https:\/\/www.care-trade-international.de\/fr\/wp-json\/wp\/v2\/pages\/660\/"}],"collection":[{"href":"https:\/\/www.care-trade-international.de\/fr\/wp-json\/wp\/v2\/pages\/"}],"about":[{"href":"https:\/\/www.care-trade-international.de\/fr\/wp-json\/wp\/v2\/types\/page\/"}],"author":[{"embeddable":true,"href":"https:\/\/www.care-trade-international.de\/fr\/wp-json\/wp\/v2\/users\/1\/"}],"replies":[{"embeddable":true,"href":"https:\/\/www.care-trade-international.de\/fr\/wp-json\/wp\/v2\/comments\/?post=660"}],"version-history":[{"count":0,"href":"https:\/\/www.care-trade-international.de\/fr\/wp-json\/wp\/v2\/pages\/660\/revisions\/"}],"wp:attachment":[{"href":"https:\/\/www.care-trade-international.de\/fr\/wp-json\/wp\/v2\/media\/?parent=660"}],"curies":[{"name":"wp","href":"https:\/\/api.w.org\/{rel}","templated":true}]}}