{"id":631,"date":"2016-09-13T04:29:20","date_gmt":"2016-09-13T04:29:20","guid":{"rendered":"http:\/\/www.care-trade-international.de\/pt-pt\/?page_id=631"},"modified":"2016-09-13T04:29:20","modified_gmt":"2016-09-13T04:29:20","slug":"comida","status":"publish","type":"page","link":"https:\/\/www.care-trade-international.de\/pt-pt\/comida\/","title":{"rendered":"Comida"},"content":{"rendered":"<p>[vc_row][vc_column width=&#8221;1\/2&#8243;]\n<ul class=\"slider-simple shortcode-photo-slider photoSlider\" data-width=\"800\" data-height=\"600\" data-autoslide=\"5000\" data-paused=\"false\" style=\"width: 100%\" data-img-mode=\"fill\">\n\t<li>\n\t\t<img class=\"preload-me\" src=\"https:\/\/www.care-trade-international.de\/wp-content\/uploads\/2016\/08\/reislager100_v-videowebl.jpg\" srcset=\"https:\/\/www.care-trade-international.de\/wp-content\/uploads\/2016\/08\/reislager100_v-videowebl.jpg 960w\" width=\"960\" height=\"544\"  alt=\"\"  \/>\n\t\t<div class=\"slider-post-caption\">\n\t\t\t<div class=\"slider-post-inner\">\n\t\t\t\t<h4>Rice<\/h4>\n\t\t\t<\/div>\n\t\t<\/div><\/li>\n\t<li>\n\t\t<img class=\"preload-me\" src=\"https:\/\/www.care-trade-international.de\/wp-content\/uploads\/2016\/08\/ngo.jpg\" srcset=\"https:\/\/www.care-trade-international.de\/wp-content\/uploads\/2016\/08\/ngo.jpg 654w\" width=\"654\" height=\"376\"  alt=\"\"  \/>\n\t\t<div class=\"slider-post-caption\">\n\t\t\t<div class=\"slider-post-inner\">\n\t\t\t\t<h4>NGO<\/h4>\n\t\t\t<\/div>\n\t\t<\/div><\/li>\n\t<li>\n\t\t<img class=\"preload-me\" src=\"https:\/\/www.care-trade-international.de\/wp-content\/uploads\/2016\/08\/lebensmitte.jpg\" srcset=\"https:\/\/www.care-trade-international.de\/wp-content\/uploads\/2016\/08\/lebensmitte.jpg 962w\" width=\"962\" height=\"387\"  alt=\"\"  \/>\n\t\t<div class=\"slider-post-caption\">\n\t\t\t<div class=\"slider-post-inner\">\n\t\t\t\t<h4>Food supplies<\/h4>\n\t\t\t<\/div>\n\t\t<\/div><\/li>\n\t<li>\n\t\t<img class=\"preload-me\" src=\"https:\/\/www.care-trade-international.de\/wp-content\/uploads\/2016\/08\/shutterstock_115588432.jpg\" srcset=\"https:\/\/www.care-trade-international.de\/wp-content\/uploads\/2016\/08\/shutterstock_115588432.jpg 1000w\" width=\"1000\" height=\"665\"  alt=\"\"  \/>\n\t\t<div class=\"slider-post-caption\">\n\t\t\t<div class=\"slider-post-inner\">\n\t\t\t\t<h4>Produce<\/h4>\n\t\t\t<\/div>\n\t\t<\/div><\/li>\n\t<li>\n\t\t<img class=\"preload-me\" src=\"https:\/\/www.care-trade-international.de\/wp-content\/uploads\/2016\/08\/lebens2.jpg\" srcset=\"https:\/\/www.care-trade-international.de\/wp-content\/uploads\/2016\/08\/lebens2.jpg 450w\" width=\"450\" height=\"380\"  alt=\"\"  \/>\n\t\t<div class=\"slider-post-caption\">\n\t\t\t<div class=\"slider-post-inner\">\n\t\t\t\t<h4>Food<\/h4>\n\t\t\t<\/div>\n\t\t<\/div><\/li>\n\t<li>\n\t\t<img class=\"preload-me\" src=\"https:\/\/www.care-trade-international.de\/wp-content\/uploads\/2016\/08\/obst.jpg\" srcset=\"https:\/\/www.care-trade-international.de\/wp-content\/uploads\/2016\/08\/obst.jpg 1000w\" width=\"1000\" height=\"667\"  alt=\"\"  \/>\n\t\t<div class=\"slider-post-caption\">\n\t\t\t<div class=\"slider-post-inner\">\n\t\t\t\t<h4>Fruits<\/h4>\n\t\t\t<\/div>\n\t\t<\/div><\/li><\/ul>[vc_empty_space][\/vc_column][vc_column width=&#8221;1\/2&#8243;][vc_custom_heading text=&#8221;Comida&#8221; font_container=&#8221;tag:h2|text_align:left|color:%237ab5dc&#8221; use_theme_fonts=&#8221;yes&#8221;][vc_column_text]N\u00f3s nos especializamos e vender grandes quantidades de arroz, a\u00e7\u00facar, milho, \u00f3leo, produtos alimentares.<br \/>\nEntrega por quantidades de recipiente de 25 para 30 000 toneladas.<\/p>\n<p>Coloque o seu pedido, por favor.<br \/>\n<strong>Para mais detalhes contacte-nos por favor.<\/strong>[\/vc_column_text][\/vc_column][\/vc_row]<\/p>\n","protected":false},"excerpt":{"rendered":"<p>[vc_row][vc_column width=&#8221;1\/2&#8243;][vc_empty_space][\/vc_column][vc_column width=&#8221;1\/2&#8243;][vc_custom_heading text=&#8221;Comida&#8221; font_container=&#8221;tag:h2|text_align:left|color:%237ab5dc&#8221; use_theme_fonts=&#8221;yes&#8221;][vc_column_text]N\u00f3s nos especializamos e vender grandes quantidades de arroz, a\u00e7\u00facar, milho, \u00f3leo, produtos alimentares. Entrega por quantidades de recipiente de 25 para 30 000 toneladas. Coloque o seu pedido, por favor. Para mais detalhes contacte-nos por favor.[\/vc_column_text][\/vc_column][\/vc_row]<\/p>\n","protected":false},"author":1,"featured_media":0,"parent":0,"menu_order":0,"comment_status":"closed","ping_status":"closed","template":"","meta":[],"yoast_head":"<!-- This site is optimized with the Yoast SEO plugin v15.3 - https:\/\/yoast.com\/wordpress\/plugins\/seo\/ -->\n<title>Comida - CareTrade International Ltd.<\/title>\n<meta name=\"robots\" content=\"index, follow, max-snippet:-1, max-image-preview:large, max-video-preview:-1\" \/>\n<link rel=\"canonical\" href=\"https:\/\/www.care-trade-international.de\/pt-pt\/comida\/\" \/>\n<meta property=\"og:locale\" content=\"pt_PT\" \/>\n<meta property=\"og:type\" content=\"article\" \/>\n<meta property=\"og:title\" content=\"Comida - CareTrade International Ltd.\" \/>\n<meta property=\"og:description\" content=\"[vc_row][vc_column width=&#8221;1\/2&#8243;][vc_empty_space][\/vc_column][vc_column width=&#8221;1\/2&#8243;][vc_custom_heading text=&#8221;Comida&#8221; font_container=&#8221;tag:h2|text_align:left|color:%237ab5dc&#8221; use_theme_fonts=&#8221;yes&#8221;][vc_column_text]N\u00f3s nos especializamos e vender grandes quantidades de arroz, a\u00e7\u00facar, milho, \u00f3leo, produtos alimentares. Entrega por quantidades de recipiente de 25 para 30 000 toneladas. Coloque o seu pedido, por favor. Para mais detalhes contacte-nos por favor.[\/vc_column_text][\/vc_column][\/vc_row]\" \/>\n<meta property=\"og:url\" content=\"https:\/\/www.care-trade-international.de\/pt-pt\/comida\/\" \/>\n<meta property=\"og:site_name\" content=\"CareTrade International Ltd.\" \/>\n<meta name=\"twitter:card\" content=\"summary\" \/>\n<meta name=\"twitter:label1\" content=\"Written by\">\n\t<meta name=\"twitter:data1\" content=\"Jakob\">\n\t<meta name=\"twitter:label2\" content=\"Est. reading time\">\n\t<meta name=\"twitter:data2\" content=\"0 minutos\">\n<script type=\"application\/ld+json\" class=\"yoast-schema-graph\">{\"@context\":\"https:\/\/schema.org\",\"@graph\":[{\"@type\":\"WebSite\",\"@id\":\"https:\/\/www.care-trade-international.de\/#website\",\"url\":\"https:\/\/www.care-trade-international.de\/\",\"name\":\"CareTrade International Ltd.\",\"description\":\"Limited\",\"potentialAction\":[{\"@type\":\"SearchAction\",\"target\":\"https:\/\/www.care-trade-international.de\/?s={search_term_string}\",\"query-input\":\"required name=search_term_string\"}],\"inLanguage\":\"pt-PT\"},{\"@type\":\"WebPage\",\"@id\":\"https:\/\/www.care-trade-international.de\/pt-pt\/comida\/#webpage\",\"url\":\"https:\/\/www.care-trade-international.de\/pt-pt\/comida\/\",\"name\":\"Comida - CareTrade International Ltd.\",\"isPartOf\":{\"@id\":\"https:\/\/www.care-trade-international.de\/#website\"},\"datePublished\":\"2016-09-13T04:29:20+00:00\",\"dateModified\":\"2016-09-13T04:29:20+00:00\",\"inLanguage\":\"pt-PT\",\"potentialAction\":[{\"@type\":\"ReadAction\",\"target\":[\"https:\/\/www.care-trade-international.de\/pt-pt\/comida\/\"]}]}]}<\/script>\n<!-- \/ Yoast SEO plugin. -->","_links":{"self":[{"href":"https:\/\/www.care-trade-international.de\/pt-pt\/wp-json\/wp\/v2\/pages\/631\/"}],"collection":[{"href":"https:\/\/www.care-trade-international.de\/pt-pt\/wp-json\/wp\/v2\/pages\/"}],"about":[{"href":"https:\/\/www.care-trade-international.de\/pt-pt\/wp-json\/wp\/v2\/types\/page\/"}],"author":[{"embeddable":true,"href":"https:\/\/www.care-trade-international.de\/pt-pt\/wp-json\/wp\/v2\/users\/1\/"}],"replies":[{"embeddable":true,"href":"https:\/\/www.care-trade-international.de\/pt-pt\/wp-json\/wp\/v2\/comments\/?post=631"}],"version-history":[{"count":0,"href":"https:\/\/www.care-trade-international.de\/pt-pt\/wp-json\/wp\/v2\/pages\/631\/revisions\/"}],"wp:attachment":[{"href":"https:\/\/www.care-trade-international.de\/pt-pt\/wp-json\/wp\/v2\/media\/?parent=631"}],"curies":[{"name":"wp","href":"https:\/\/api.w.org\/{rel}","templated":true}]}}