{"id":654,"date":"2016-09-13T04:53:47","date_gmt":"2016-09-13T04:53:47","guid":{"rendered":"http:\/\/www.care-trade-international.de\/pt-pt\/?page_id=654"},"modified":"2016-09-13T04:53:47","modified_gmt":"2016-09-13T04:53:47","slug":"maquinas","status":"publish","type":"page","link":"https:\/\/www.care-trade-international.de\/pt-pt\/maquinas\/","title":{"rendered":"M\u00e1quinas"},"content":{"rendered":"<p>[vc_row][vc_column width=&#8221;1\/2&#8243;]\n<ul class=\"slider-simple shortcode-photo-slider photoSlider\" data-width=\"800\" data-height=\"600\" data-autoslide=\"5000\" data-paused=\"false\" style=\"width: 100%\" data-img-mode=\"fill\">\n\t<li>\n\t\t<img class=\"preload-me\" src=\"https:\/\/www.care-trade-international.de\/wp-content\/uploads\/2016\/08\/Container-heavy.jpg\" srcset=\"https:\/\/www.care-trade-international.de\/wp-content\/uploads\/2016\/08\/Container-heavy.jpg 1400w\" width=\"1400\" height=\"803\"  alt=\"\"  \/>\n\t\t<div class=\"slider-post-caption\">\n\t\t\t<div class=\"slider-post-inner\">\n\t\t\t\t<h4>Pump<\/h4>\n\t\t\t<\/div>\n\t\t<\/div><\/li>\n\t<li>\n\t\t<img class=\"preload-me\" src=\"https:\/\/www.care-trade-international.de\/wp-content\/uploads\/2016\/08\/shutterstock_81760036.jpg\" srcset=\"https:\/\/www.care-trade-international.de\/wp-content\/uploads\/2016\/08\/shutterstock_81760036.jpg 1000w\" width=\"1000\" height=\"667\"  alt=\"\"  \/>\n\t\t<div class=\"slider-post-caption\">\n\t\t\t<div class=\"slider-post-inner\">\n\t\t\t\t<h4>Tractor<\/h4>\n\t\t\t<\/div>\n\t\t<\/div><\/li>\n\t<li>\n\t\t<img class=\"preload-me\" src=\"https:\/\/www.care-trade-international.de\/wp-content\/uploads\/2016\/08\/jdmaeh.jpg\" srcset=\"https:\/\/www.care-trade-international.de\/wp-content\/uploads\/2016\/08\/jdmaeh.jpg 640w\" width=\"640\" height=\"480\"  alt=\"\"  \/>\n\t\t<div class=\"slider-post-caption\">\n\t\t\t<div class=\"slider-post-inner\">\n\t\t\t\t<h4>Harvester<\/h4>\n\t\t\t<\/div>\n\t\t<\/div><\/li>\n\t<li>\n\t\t<img class=\"preload-me\" src=\"https:\/\/www.care-trade-international.de\/wp-content\/uploads\/2016\/08\/guelle.jpg\" srcset=\"https:\/\/www.care-trade-international.de\/wp-content\/uploads\/2016\/08\/guelle.jpg 640w\" width=\"640\" height=\"480\"  alt=\"\"  \/>\n\t\t<div class=\"slider-post-caption\">\n\t\t\t<div class=\"slider-post-inner\">\n\t\t\t\t<h4>Farming equipment<\/h4>\n\t\t\t<\/div>\n\t\t<\/div><\/li>\n\t<li>\n\t\t<img class=\"preload-me\" src=\"https:\/\/www.care-trade-international.de\/wp-content\/uploads\/2016\/08\/shutterstock_88792156.jpg\" srcset=\"https:\/\/www.care-trade-international.de\/wp-content\/uploads\/2016\/08\/shutterstock_88792156.jpg 1000w\" width=\"1000\" height=\"667\"  alt=\"\"  \/>\n\t\t<div class=\"slider-post-caption\">\n\t\t\t<div class=\"slider-post-inner\">\n\t\t\t\t<h4>Excavator<\/h4>\n\t\t\t<\/div>\n\t\t<\/div><\/li>\n\t<li>\n\t\t<img class=\"preload-me\" src=\"https:\/\/www.care-trade-international.de\/wp-content\/uploads\/2016\/08\/feuerwehrkan-3.jpg\" srcset=\"https:\/\/www.care-trade-international.de\/wp-content\/uploads\/2016\/08\/feuerwehrkan-3.jpg 450w\" width=\"450\" height=\"338\"  alt=\"\"  \/>\n\t\t<div class=\"slider-post-caption\">\n\t\t\t<div class=\"slider-post-inner\">\n\t\t\t\t<h4>Firecrane<\/h4>\n\t\t\t<\/div>\n\t\t<\/div><\/li><\/ul>[vc_empty_space][\/vc_column][vc_column width=&#8221;1\/2&#8243;][vc_custom_heading text=&#8221;M\u00e1quinas&#8221; font_container=&#8221;tag:h2|text_align:left|color:%237ab5dc&#8221; use_theme_fonts=&#8221;yes&#8221;][vc_column_text]N\u00f3s fornecemos novas marcas na Europa e equipamento especial de todos os principais fabricantes:<br \/>\nCarregadeiras, escavadeiras, tratores, tratores, constru\u00e7\u00e3o de estradas, furadores de brigadas de inc\u00eandio, caminh\u00e3o guindaste guindastes, de roda<br \/>\nMistura de plantas sconcretes, plantas de betume, Fragmentadoras, geradores estacion\u00e1rios, m\u00f3veis geradores, compressores e muito mais.<\/p>\n<p>N\u00f3s podemos fornecer-lhe com qualquer m\u00e1quina desejada.<br \/>\n<strong>Coloque o seu pedido.<\/strong>[\/vc_column_text][\/vc_column][\/vc_row]<\/p>\n","protected":false},"excerpt":{"rendered":"<p>[vc_row][vc_column width=&#8221;1\/2&#8243;][vc_empty_space][\/vc_column][vc_column width=&#8221;1\/2&#8243;][vc_custom_heading text=&#8221;M\u00e1quinas&#8221; font_container=&#8221;tag:h2|text_align:left|color:%237ab5dc&#8221; use_theme_fonts=&#8221;yes&#8221;][vc_column_text]N\u00f3s fornecemos novas marcas na Europa e equipamento especial de todos os principais fabricantes: Carregadeiras, escavadeiras, tratores, tratores, constru\u00e7\u00e3o de estradas, furadores de brigadas de inc\u00eandio, caminh\u00e3o guindaste guindastes, de roda Mistura de plantas sconcretes, plantas de betume, Fragmentadoras, geradores estacion\u00e1rios, m\u00f3veis geradores, compressores e muito mais. N\u00f3s podemos fornecer-lhe&hellip;<\/p>\n","protected":false},"author":1,"featured_media":0,"parent":0,"menu_order":0,"comment_status":"closed","ping_status":"closed","template":"","meta":[],"yoast_head":"<!-- This site is optimized with the Yoast SEO plugin v15.3 - https:\/\/yoast.com\/wordpress\/plugins\/seo\/ -->\n<title>M\u00e1quinas - CareTrade International Ltd.<\/title>\n<meta name=\"robots\" content=\"index, follow, max-snippet:-1, max-image-preview:large, max-video-preview:-1\" \/>\n<link rel=\"canonical\" href=\"https:\/\/www.care-trade-international.de\/pt-pt\/maquinas\/\" \/>\n<meta property=\"og:locale\" content=\"pt_PT\" \/>\n<meta property=\"og:type\" content=\"article\" \/>\n<meta property=\"og:title\" content=\"M\u00e1quinas - CareTrade International Ltd.\" \/>\n<meta property=\"og:description\" content=\"[vc_row][vc_column width=&#8221;1\/2&#8243;][vc_empty_space][\/vc_column][vc_column width=&#8221;1\/2&#8243;][vc_custom_heading text=&#8221;M\u00e1quinas&#8221; font_container=&#8221;tag:h2|text_align:left|color:%237ab5dc&#8221; use_theme_fonts=&#8221;yes&#8221;][vc_column_text]N\u00f3s fornecemos novas marcas na Europa e equipamento especial de todos os principais fabricantes: Carregadeiras, escavadeiras, tratores, tratores, constru\u00e7\u00e3o de estradas, furadores de brigadas de inc\u00eandio, caminh\u00e3o guindaste guindastes, de roda Mistura de plantas sconcretes, plantas de betume, Fragmentadoras, geradores estacion\u00e1rios, m\u00f3veis geradores, compressores e muito mais. N\u00f3s podemos fornecer-lhe&hellip;\" \/>\n<meta property=\"og:url\" content=\"https:\/\/www.care-trade-international.de\/pt-pt\/maquinas\/\" \/>\n<meta property=\"og:site_name\" content=\"CareTrade International Ltd.\" \/>\n<meta name=\"twitter:card\" content=\"summary\" \/>\n<meta name=\"twitter:label1\" content=\"Written by\">\n\t<meta name=\"twitter:data1\" content=\"Jakob\">\n\t<meta name=\"twitter:label2\" content=\"Est. reading time\">\n\t<meta name=\"twitter:data2\" content=\"0 minutos\">\n<script type=\"application\/ld+json\" class=\"yoast-schema-graph\">{\"@context\":\"https:\/\/schema.org\",\"@graph\":[{\"@type\":\"WebSite\",\"@id\":\"https:\/\/www.care-trade-international.de\/#website\",\"url\":\"https:\/\/www.care-trade-international.de\/\",\"name\":\"CareTrade International Ltd.\",\"description\":\"Limited\",\"potentialAction\":[{\"@type\":\"SearchAction\",\"target\":\"https:\/\/www.care-trade-international.de\/?s={search_term_string}\",\"query-input\":\"required name=search_term_string\"}],\"inLanguage\":\"pt-PT\"},{\"@type\":\"WebPage\",\"@id\":\"https:\/\/www.care-trade-international.de\/pt-pt\/maquinas\/#webpage\",\"url\":\"https:\/\/www.care-trade-international.de\/pt-pt\/maquinas\/\",\"name\":\"M\\u00e1quinas - CareTrade International Ltd.\",\"isPartOf\":{\"@id\":\"https:\/\/www.care-trade-international.de\/#website\"},\"datePublished\":\"2016-09-13T04:53:47+00:00\",\"dateModified\":\"2016-09-13T04:53:47+00:00\",\"inLanguage\":\"pt-PT\",\"potentialAction\":[{\"@type\":\"ReadAction\",\"target\":[\"https:\/\/www.care-trade-international.de\/pt-pt\/maquinas\/\"]}]}]}<\/script>\n<!-- \/ Yoast SEO plugin. -->","_links":{"self":[{"href":"https:\/\/www.care-trade-international.de\/pt-pt\/wp-json\/wp\/v2\/pages\/654\/"}],"collection":[{"href":"https:\/\/www.care-trade-international.de\/pt-pt\/wp-json\/wp\/v2\/pages\/"}],"about":[{"href":"https:\/\/www.care-trade-international.de\/pt-pt\/wp-json\/wp\/v2\/types\/page\/"}],"author":[{"embeddable":true,"href":"https:\/\/www.care-trade-international.de\/pt-pt\/wp-json\/wp\/v2\/users\/1\/"}],"replies":[{"embeddable":true,"href":"https:\/\/www.care-trade-international.de\/pt-pt\/wp-json\/wp\/v2\/comments\/?post=654"}],"version-history":[{"count":0,"href":"https:\/\/www.care-trade-international.de\/pt-pt\/wp-json\/wp\/v2\/pages\/654\/revisions\/"}],"wp:attachment":[{"href":"https:\/\/www.care-trade-international.de\/pt-pt\/wp-json\/wp\/v2\/media\/?parent=654"}],"curies":[{"name":"wp","href":"https:\/\/api.w.org\/{rel}","templated":true}]}}