{"id":697,"date":"2016-09-13T05:53:42","date_gmt":"2016-09-13T05:53:42","guid":{"rendered":"http:\/\/www.care-trade-international.de\/pt-pt\/?page_id=697"},"modified":"2016-09-13T06:17:45","modified_gmt":"2016-09-13T06:17:45","slug":"projetos","status":"publish","type":"page","link":"https:\/\/www.care-trade-international.de\/pt-pt\/projetos\/","title":{"rendered":"Projetos"},"content":{"rendered":"<p>[vc_row][vc_column width=&#8221;1\/2&#8243;]\n<ul class=\"slider-simple shortcode-photo-slider photoSlider\" data-width=\"800\" data-height=\"600\" data-autoslide=\"5000\" data-paused=\"false\" style=\"width: 100%\" data-img-mode=\"fill\">\n\t<li>\n\t\t<img class=\"preload-me\" src=\"https:\/\/www.care-trade-international.de\/wp-content\/uploads\/2016\/08\/shutterstock_117742693.jpg\" srcset=\"https:\/\/www.care-trade-international.de\/wp-content\/uploads\/2016\/08\/shutterstock_117742693.jpg 1000w\" width=\"1000\" height=\"667\"  alt=\"\"  \/>\n\t\t<div class=\"slider-post-caption\">\n\t\t\t<div class=\"slider-post-inner\">\n\t\t\t\t<h4>Infrastructure<\/h4>\n\t\t\t<\/div>\n\t\t<\/div><\/li>\n\t<li>\n\t\t<img class=\"preload-me\" src=\"https:\/\/www.care-trade-international.de\/wp-content\/uploads\/2016\/08\/Wind-Parks.jpg\" srcset=\"https:\/\/www.care-trade-international.de\/wp-content\/uploads\/2016\/08\/Wind-Parks.jpg 700w\" width=\"700\" height=\"450\"  alt=\"\"  \/>\n\t\t<div class=\"slider-post-caption\">\n\t\t\t<div class=\"slider-post-inner\">\n\t\t\t\t<h4>Wind Parks<\/h4>\n\t\t\t<\/div>\n\t\t<\/div><\/li>\n\t<li>\n\t\t<img class=\"preload-me\" src=\"https:\/\/www.care-trade-international.de\/wp-content\/uploads\/2016\/08\/Pipeline.jpg\" srcset=\"https:\/\/www.care-trade-international.de\/wp-content\/uploads\/2016\/08\/Pipeline.jpg 650w\" width=\"650\" height=\"428\"  alt=\"\"  \/>\n\t\t<div class=\"slider-post-caption\">\n\t\t\t<div class=\"slider-post-inner\">\n\t\t\t\t<h4>Pipeline<\/h4>\n\t\t\t<\/div>\n\t\t<\/div><\/li>\n\t<li>\n\t\t<img class=\"preload-me\" src=\"https:\/\/www.care-trade-international.de\/wp-content\/uploads\/2016\/08\/Solar-energy.jpg\" srcset=\"https:\/\/www.care-trade-international.de\/wp-content\/uploads\/2016\/08\/Solar-energy.jpg 980w\" width=\"980\" height=\"552\"  alt=\"\"  \/>\n\t\t<div class=\"slider-post-caption\">\n\t\t\t<div class=\"slider-post-inner\">\n\t\t\t\t<h4>Solar energy<\/h4>\n\t\t\t<\/div>\n\t\t<\/div><\/li>\n\t<li>\n\t\t<img class=\"preload-me\" src=\"https:\/\/www.care-trade-international.de\/wp-content\/uploads\/2016\/08\/Bridge-infrastructure.jpg\" srcset=\"https:\/\/www.care-trade-international.de\/wp-content\/uploads\/2016\/08\/Bridge-infrastructure.jpg 610w\" width=\"610\" height=\"335\"  alt=\"\"  \/>\n\t\t<div class=\"slider-post-caption\">\n\t\t\t<div class=\"slider-post-inner\">\n\t\t\t\t<h4>Bridge infrastructure<\/h4>\n\t\t\t<\/div>\n\t\t<\/div><\/li><\/ul>[vc_empty_space][\/vc_column][vc_column width=&#8221;1\/2&#8243;][vc_custom_heading text=&#8221;Projetos&#8221; font_container=&#8221;tag:h2|text_align:left|color:%237ab5dc&#8221; use_theme_fonts=&#8221;yes&#8221;][vc_column_text]N\u00f3s fornecemos a empresas de constru\u00e7\u00e3o europeia que especializa-se na constru\u00e7\u00e3o de projectos em pa\u00edses africanos.<\/p>\n<p>Constru\u00e7\u00e3o de estradas, constru\u00e7\u00e3o de ferrovias, hot\u00e9is, hospitais, constru\u00e7\u00e3o civil, engenharia, constru\u00e7\u00e3o civil, constru\u00e7\u00e3o da linha de flutua\u00e7\u00e3o, vento solar de turbinas.<\/p>\n<p><strong>As refer\u00eancias s\u00e3o. Contate-nos<\/strong>[\/vc_column_text][\/vc_column][\/vc_row]<\/p>\n","protected":false},"excerpt":{"rendered":"<p>[vc_row][vc_column width=&#8221;1\/2&#8243;][vc_empty_space][\/vc_column][vc_column width=&#8221;1\/2&#8243;][vc_custom_heading text=&#8221;Projetos&#8221; font_container=&#8221;tag:h2|text_align:left|color:%237ab5dc&#8221; use_theme_fonts=&#8221;yes&#8221;][vc_column_text]N\u00f3s fornecemos a empresas de constru\u00e7\u00e3o europeia que especializa-se na constru\u00e7\u00e3o de projectos em pa\u00edses africanos. Constru\u00e7\u00e3o de estradas, constru\u00e7\u00e3o de ferrovias, hot\u00e9is, hospitais, constru\u00e7\u00e3o civil, engenharia, constru\u00e7\u00e3o civil, constru\u00e7\u00e3o da linha de flutua\u00e7\u00e3o, vento solar de turbinas. As refer\u00eancias s\u00e3o. Contate-nos[\/vc_column_text][\/vc_column][\/vc_row]<\/p>\n","protected":false},"author":1,"featured_media":0,"parent":0,"menu_order":0,"comment_status":"closed","ping_status":"closed","template":"","meta":[],"yoast_head":"<!-- This site is optimized with the Yoast SEO plugin v15.3 - https:\/\/yoast.com\/wordpress\/plugins\/seo\/ -->\n<title>Projetos - CareTrade International Ltd.<\/title>\n<meta name=\"robots\" content=\"index, follow, max-snippet:-1, max-image-preview:large, max-video-preview:-1\" \/>\n<link rel=\"canonical\" href=\"https:\/\/www.care-trade-international.de\/pt-pt\/projetos\/\" \/>\n<meta property=\"og:locale\" content=\"pt_PT\" \/>\n<meta property=\"og:type\" content=\"article\" \/>\n<meta property=\"og:title\" content=\"Projetos - CareTrade International Ltd.\" \/>\n<meta property=\"og:description\" content=\"[vc_row][vc_column width=&#8221;1\/2&#8243;][vc_empty_space][\/vc_column][vc_column width=&#8221;1\/2&#8243;][vc_custom_heading text=&#8221;Projetos&#8221; font_container=&#8221;tag:h2|text_align:left|color:%237ab5dc&#8221; use_theme_fonts=&#8221;yes&#8221;][vc_column_text]N\u00f3s fornecemos a empresas de constru\u00e7\u00e3o europeia que especializa-se na constru\u00e7\u00e3o de projectos em pa\u00edses africanos. Constru\u00e7\u00e3o de estradas, constru\u00e7\u00e3o de ferrovias, hot\u00e9is, hospitais, constru\u00e7\u00e3o civil, engenharia, constru\u00e7\u00e3o civil, constru\u00e7\u00e3o da linha de flutua\u00e7\u00e3o, vento solar de turbinas. As refer\u00eancias s\u00e3o. Contate-nos[\/vc_column_text][\/vc_column][\/vc_row]\" \/>\n<meta property=\"og:url\" content=\"https:\/\/www.care-trade-international.de\/pt-pt\/projetos\/\" \/>\n<meta property=\"og:site_name\" content=\"CareTrade International Ltd.\" \/>\n<meta property=\"article:modified_time\" content=\"2016-09-13T06:17:45+00:00\" \/>\n<meta name=\"twitter:card\" content=\"summary\" \/>\n<meta name=\"twitter:label1\" content=\"Written by\">\n\t<meta name=\"twitter:data1\" content=\"Jakob\">\n\t<meta name=\"twitter:label2\" content=\"Est. reading time\">\n\t<meta name=\"twitter:data2\" content=\"0 minutos\">\n<script type=\"application\/ld+json\" class=\"yoast-schema-graph\">{\"@context\":\"https:\/\/schema.org\",\"@graph\":[{\"@type\":\"WebSite\",\"@id\":\"https:\/\/www.care-trade-international.de\/#website\",\"url\":\"https:\/\/www.care-trade-international.de\/\",\"name\":\"CareTrade International Ltd.\",\"description\":\"Limited\",\"potentialAction\":[{\"@type\":\"SearchAction\",\"target\":\"https:\/\/www.care-trade-international.de\/?s={search_term_string}\",\"query-input\":\"required name=search_term_string\"}],\"inLanguage\":\"pt-PT\"},{\"@type\":\"WebPage\",\"@id\":\"https:\/\/www.care-trade-international.de\/pt-pt\/projetos\/#webpage\",\"url\":\"https:\/\/www.care-trade-international.de\/pt-pt\/projetos\/\",\"name\":\"Projetos - CareTrade International Ltd.\",\"isPartOf\":{\"@id\":\"https:\/\/www.care-trade-international.de\/#website\"},\"datePublished\":\"2016-09-13T05:53:42+00:00\",\"dateModified\":\"2016-09-13T06:17:45+00:00\",\"inLanguage\":\"pt-PT\",\"potentialAction\":[{\"@type\":\"ReadAction\",\"target\":[\"https:\/\/www.care-trade-international.de\/pt-pt\/projetos\/\"]}]}]}<\/script>\n<!-- \/ Yoast SEO plugin. -->","_links":{"self":[{"href":"https:\/\/www.care-trade-international.de\/pt-pt\/wp-json\/wp\/v2\/pages\/697\/"}],"collection":[{"href":"https:\/\/www.care-trade-international.de\/pt-pt\/wp-json\/wp\/v2\/pages\/"}],"about":[{"href":"https:\/\/www.care-trade-international.de\/pt-pt\/wp-json\/wp\/v2\/types\/page\/"}],"author":[{"embeddable":true,"href":"https:\/\/www.care-trade-international.de\/pt-pt\/wp-json\/wp\/v2\/users\/1\/"}],"replies":[{"embeddable":true,"href":"https:\/\/www.care-trade-international.de\/pt-pt\/wp-json\/wp\/v2\/comments\/?post=697"}],"version-history":[{"count":0,"href":"https:\/\/www.care-trade-international.de\/pt-pt\/wp-json\/wp\/v2\/pages\/697\/revisions\/"}],"wp:attachment":[{"href":"https:\/\/www.care-trade-international.de\/pt-pt\/wp-json\/wp\/v2\/media\/?parent=697"}],"curies":[{"name":"wp","href":"https:\/\/api.w.org\/{rel}","templated":true}]}}