{"id":726,"date":"2016-09-13T07:44:39","date_gmt":"2016-09-13T07:44:39","guid":{"rendered":"http:\/\/www.care-trade-international.de\/pt-pt\/?page_id=726"},"modified":"2019-03-27T19:58:51","modified_gmt":"2019-03-27T19:58:51","slug":"casa","status":"publish","type":"page","link":"https:\/\/www.care-trade-international.de\/pt-pt\/","title":{"rendered":"Home"},"content":{"rendered":"<p>[vc_row margin_top=&#8221;-50&#8243;][vc_column]\n\t\t\t<!-- START Slider 2 REVOLUTION SLIDER 6.3.0 --><p class=\"rs-p-wp-fix\"><\/p>\n\t\t\t<rs-module-wrap id=\"rev_slider_2_1_wrapper\" data-source=\"gallery\" style=\"background:#ffffff;padding:0;margin:0px auto;margin-top:0;margin-bottom:0;\">\n\t\t\t\t<rs-module id=\"rev_slider_2_1\" style=\"\" data-version=\"6.3.0\">\n\t\t\t\t\t<rs-slides>\n\t\t\t\t\t\t<rs-slide data-key=\"rs-4\" data-title=\"Slide\" data-thumb=\"\/\/www.care-trade-international.de\/wp-content\/uploads\/2016\/08\/shutterstock_110973782-1-100x50.jpg\" data-duration=\"10000\" data-anim=\"ei:d;eo:d;s:d,d;r:0;t:slideoverright;sl:d,d;\">\n\t\t\t\t\t\t\t<img src=\"\/\/www.care-trade-international.de\/wp-content\/uploads\/2016\/08\/shutterstock_110973782-1.jpg\" title=\"Home\" data-parallax=\"off\" data-panzoom=\"d:10000;ss:100;se:100;oe:0\/120;\" class=\"rev-slidebg\" data-no-retina>\n<!--\n\t\t\t\t\t\t\t--><rs-layer\n\t\t\t\t\t\t\t\tid=\"slider-2-slide-4-layer-1\" \n\t\t\t\t\t\t\t\tclass=\"rs-pxl-2\"\n\t\t\t\t\t\t\t\tdata-type=\"text\"\n\t\t\t\t\t\t\t\tdata-color=\"rgba(255,255,255,1)\"\n\t\t\t\t\t\t\t\tdata-rsp_ch=\"on\"\n\t\t\t\t\t\t\t\tdata-xy=\"x:c;y:c;yo:-23px;\"\n\t\t\t\t\t\t\t\tdata-text=\"w:normal;s:72;l:72;fw:700;a:center;\"\n\t\t\t\t\t\t\t\tdata-dim=\"w:1219px;\"\n\t\t\t\t\t\t\t\tdata-frame_0=\"sX:0.9;sY:0.9;tp:600;\"\n\t\t\t\t\t\t\t\tdata-frame_1=\"tp:600;st:500;sp:690;\"\n\t\t\t\t\t\t\t\tdata-frame_999=\"sX:0.7;sY:0.7;o:0;rZ:0deg;tp:600;e:back.in;st:w;\"\n\t\t\t\t\t\t\t\tdata-frame_999_mask=\"u:t;\"\n\t\t\t\t\t\t\t\tstyle=\"z-index:1;font-family:Roboto;\"\n\t\t\t\t\t\t\t>Welcome to CareTrade International \n\t\t\t\t\t\t\t<\/rs-layer><!--\n\n\t\t\t\t\t\t\t--><rs-layer\n\t\t\t\t\t\t\t\tid=\"slider-2-slide-4-layer-2\" \n\t\t\t\t\t\t\t\tclass=\"rs-pxl-1\"\n\t\t\t\t\t\t\t\tdata-type=\"text\"\n\t\t\t\t\t\t\t\tdata-color=\"rgba(255,255,255,1)\"\n\t\t\t\t\t\t\t\tdata-rsp_ch=\"on\"\n\t\t\t\t\t\t\t\tdata-xy=\"x:c;y:321px;\"\n\t\t\t\t\t\t\t\tdata-text=\"w:normal;s:40;l:40;a:center;\"\n\t\t\t\t\t\t\t\tdata-dim=\"w:1264px;\"\n\t\t\t\t\t\t\t\tdata-frame_0=\"sX:0.9;sY:0.9;tp:600;\"\n\t\t\t\t\t\t\t\tdata-frame_1=\"tp:600;st:500;sp:1840;\"\n\t\t\t\t\t\t\t\tdata-frame_999=\"sX:0.7;sY:0.7;o:0;rZ:0deg;tp:600;e:back.in;st:w;\"\n\t\t\t\t\t\t\t\tdata-frame_999_mask=\"u:t;\"\n\t\t\t\t\t\t\t\tstyle=\"z-index:6;font-family:Arial, Helvetica, sans-serif;\"\n\t\t\t\t\t\t\t>Delivering the Global Market to African Countries \n\t\t\t\t\t\t\t<\/rs-layer><!--\n-->\t\t\t\t\t\t<\/rs-slide>\n\t\t\t\t\t\t<rs-slide data-key=\"rs-3\" data-title=\"Slide\" data-thumb=\"\/\/www.care-trade-international.de\/wp-content\/uploads\/2016\/08\/reislager100_v-videowebl-100x50.jpg\" data-duration=\"10000\" data-anim=\"ei:d;eo:d;s:d;t:slideoverright;sl:d;\">\n\t\t\t\t\t\t\t<img src=\"\/\/www.care-trade-international.de\/wp-content\/uploads\/2016\/08\/reislager100_v-videowebl.jpg\" title=\"Home\" data-parallax=\"off\" data-panzoom=\"d:10000;ss:100;se:100;oe:0\/120;\" class=\"rev-slidebg\" data-no-retina>\n<!--\n\t\t\t\t\t\t\t--><rs-layer\n\t\t\t\t\t\t\t\tid=\"slider-2-slide-3-layer-1\" \n\t\t\t\t\t\t\t\tclass=\"rs-pxl-2\"\n\t\t\t\t\t\t\t\tdata-type=\"text\"\n\t\t\t\t\t\t\t\tdata-color=\"rgba(255,255,255,1)\"\n\t\t\t\t\t\t\t\tdata-rsp_ch=\"on\"\n\t\t\t\t\t\t\t\tdata-xy=\"x:c;y:c;yo:-97px;\"\n\t\t\t\t\t\t\t\tdata-text=\"w:normal;s:72;l:90;fw:500;a:center;\"\n\t\t\t\t\t\t\t\tdata-dim=\"w:1219px;\"\n\t\t\t\t\t\t\t\tdata-frame_0=\"sX:0.9;sY:0.9;tp:600;\"\n\t\t\t\t\t\t\t\tdata-frame_1=\"tp:600;e:power2.out;st:500;sp:760;\"\n\t\t\t\t\t\t\t\tdata-frame_999=\"o:0;tp:600;e:nothing;st:w;\"\n\t\t\t\t\t\t\t\tstyle=\"z-index:5;font-family:Roboto;\"\n\t\t\t\t\t\t\t>Food & Agro Commodities \n\t\t\t\t\t\t\t<\/rs-layer><!--\n\n\t\t\t\t\t\t\t--><rs-layer\n\t\t\t\t\t\t\t\tid=\"slider-2-slide-3-layer-2\" \n\t\t\t\t\t\t\t\tclass=\"rs-pxl-1\"\n\t\t\t\t\t\t\t\tdata-type=\"text\"\n\t\t\t\t\t\t\t\tdata-color=\"rgba(255,255,255,1)\"\n\t\t\t\t\t\t\t\tdata-rsp_ch=\"on\"\n\t\t\t\t\t\t\t\tdata-xy=\"x:c;y:265px;\"\n\t\t\t\t\t\t\t\tdata-text=\"w:normal;s:40;l:48;a:center;\"\n\t\t\t\t\t\t\t\tdata-dim=\"w:1264px;\"\n\t\t\t\t\t\t\t\tdata-frame_0=\"y:100%;tp:600;\"\n\t\t\t\t\t\t\t\tdata-frame_1=\"tp:600;e:power4.inOut;st:500;sp:1080;\"\n\t\t\t\t\t\t\t\tdata-frame_999=\"o:0;tp:600;e:nothing;st:w;\"\n\t\t\t\t\t\t\t\tstyle=\"z-index:6;font-family:Roboto;\"\n\t\t\t\t\t\t\t>We specialize in the supply of large quantities of rice, sugar, corn, oil, and all types of agricultural commodities.  \n\t\t\t\t\t\t\t<\/rs-layer><!--\n\n\t\t\t\t\t\t\t--><rs-layer\n\t\t\t\t\t\t\t\tid=\"slider-2-slide-3-layer-3\" \n\t\t\t\t\t\t\t\tclass=\"rev-btn rs-pxl-1\"\n\t\t\t\t\t\t\t\tdata-type=\"button\"\n\t\t\t\t\t\t\t\tdata-color=\"rgba(255,255,255,1)\"\n\t\t\t\t\t\t\t\tdata-rsp_ch=\"on\"\n\t\t\t\t\t\t\t\tdata-xy=\"x:c;y:395px;\"\n\t\t\t\t\t\t\t\tdata-text=\"w:normal;s:24;l:30;fw:500;a:center;\"\n\t\t\t\t\t\t\t\tdata-dim=\"w:230px;h:56px;\"\n\t\t\t\t\t\t\t\tdata-actions='o:click;a:simplelink;target:_self;url:http:\/\/www.care-trade-international.de\/food-and-agro-commodity\/;'\n\t\t\t\t\t\t\t\tdata-basealign=\"slide\"\n\t\t\t\t\t\t\t\tdata-padding=\"t:12;r:35;b:12;l:35;\"\n\t\t\t\t\t\t\t\tdata-border=\"bos:solid;boc:rgba(255,255,255,1);bow:1px,1px,1px,1px;\"\n\t\t\t\t\t\t\t\tdata-frame_0=\"y:100%;tp:600;\"\n\t\t\t\t\t\t\t\tdata-frame_1=\"tp:600;e:power4.inOut;st:500;sp:1490;\"\n\t\t\t\t\t\t\t\tdata-frame_999=\"o:0;tp:600;e:nothing;st:w;\"\n\t\t\t\t\t\t\t\tdata-frame_hover=\"c:#000;bgc:#fff;boc:#000;bor:0px,0px,0px,0px;bos:solid;bow:0,0,0,0;oX:50;oY:50;sp:0;\"\n\t\t\t\t\t\t\t\tstyle=\"z-index:7;background-color:rgba(122,181,220,0.80);font-family:Roboto;cursor:pointer;outline:none;box-shadow:none;box-sizing:border-box;-moz-box-sizing:border-box;-webkit-box-sizing:border-box;\"\n\t\t\t\t\t\t\t>Find out more \n\t\t\t\t\t\t\t<\/rs-layer><!--\n-->\t\t\t\t\t\t<\/rs-slide>\n\t\t\t\t\t\t<rs-slide data-key=\"rs-5\" data-title=\"Slide\" data-thumb=\"\/\/www.care-trade-international.de\/wp-content\/uploads\/2016\/08\/shutterstock_117742693-100x50.jpg\" data-duration=\"10000\" data-anim=\"ei:d;eo:d;s:d;t:slideoverright;sl:d;\">\n\t\t\t\t\t\t\t<img src=\"\/\/www.care-trade-international.de\/wp-content\/uploads\/2016\/08\/shutterstock_117742693.jpg\" title=\"Home\" data-parallax=\"off\" data-panzoom=\"d:10000;ss:100;se:110;oe:0\/120;\" class=\"rev-slidebg\" data-no-retina>\n<!--\n\t\t\t\t\t\t\t--><rs-layer\n\t\t\t\t\t\t\t\tid=\"slider-2-slide-5-layer-1\" \n\t\t\t\t\t\t\t\tclass=\"rs-pxl-2\"\n\t\t\t\t\t\t\t\tdata-type=\"text\"\n\t\t\t\t\t\t\t\tdata-color=\"rgba(255,255,255,1)\"\n\t\t\t\t\t\t\t\tdata-rsp_ch=\"on\"\n\t\t\t\t\t\t\t\tdata-xy=\"x:c;y:c;yo:-128px;\"\n\t\t\t\t\t\t\t\tdata-text=\"w:normal;s:90;l:100;fw:500;a:center;\"\n\t\t\t\t\t\t\t\tdata-dim=\"w:630px;\"\n\t\t\t\t\t\t\t\tdata-padding=\"t:15;b:20;\"\n\t\t\t\t\t\t\t\tdata-border=\"bos:solid;boc:rgba(255,255,255,1);bow:1px,1px,1px,1px;bor:0,0,0px,0;\"\n\t\t\t\t\t\t\t\tdata-frame_0=\"y:-50px;tp:600;\"\n\t\t\t\t\t\t\t\tdata-frame_1=\"tp:600;e:power4.inOut;st:500;sp:930;\"\n\t\t\t\t\t\t\t\tdata-frame_999=\"y:-50px;o:0;tp:600;e:nothing;st:w;\"\n\t\t\t\t\t\t\t\tstyle=\"z-index:5;background-color:rgba(42,57,90,0.50);font-family:Roboto;\"\n\t\t\t\t\t\t\t>Projects \n\t\t\t\t\t\t\t<\/rs-layer><!--\n\n\t\t\t\t\t\t\t--><rs-layer\n\t\t\t\t\t\t\t\tid=\"slider-2-slide-5-layer-2\" \n\t\t\t\t\t\t\t\tclass=\"rs-pxl-1\"\n\t\t\t\t\t\t\t\tdata-type=\"text\"\n\t\t\t\t\t\t\t\tdata-color=\"rgba(255,255,255,1)\"\n\t\t\t\t\t\t\t\tdata-rsp_ch=\"on\"\n\t\t\t\t\t\t\t\tdata-xy=\"x:c;y:265px;\"\n\t\t\t\t\t\t\t\tdata-text=\"w:normal;s:34;l:42;a:center;\"\n\t\t\t\t\t\t\t\tdata-dim=\"w:1264px;\"\n\t\t\t\t\t\t\t\tdata-frame_0=\"y:-50px;tp:600;\"\n\t\t\t\t\t\t\t\tdata-frame_1=\"tp:600;e:power4.inOut;st:500;sp:630;\"\n\t\t\t\t\t\t\t\tdata-frame_999=\"sX:0.7;sY:0.7;o:0;rZ:0deg;tp:600;e:back.in;st:w;\"\n\t\t\t\t\t\t\t\tdata-frame_999_mask=\"u:t;\"\n\t\t\t\t\t\t\t\tstyle=\"z-index:6;font-family:Roboto;\"\n\t\t\t\t\t\t\t>We operate good relations with all reliable and renowned European construction companies that specialize in construction projects in African countries. \n\t\t\t\t\t\t\t<\/rs-layer><!--\n\n\t\t\t\t\t\t\t--><rs-layer\n\t\t\t\t\t\t\t\tid=\"slider-2-slide-5-layer-3\" \n\t\t\t\t\t\t\t\tclass=\"rev-btn\"\n\t\t\t\t\t\t\t\tdata-type=\"button\"\n\t\t\t\t\t\t\t\tdata-color=\"rgba(255,255,255,1)\"\n\t\t\t\t\t\t\t\tdata-rsp_ch=\"on\"\n\t\t\t\t\t\t\t\tdata-xy=\"x:c;y:395px;\"\n\t\t\t\t\t\t\t\tdata-text=\"w:normal;s:24;l:30;fw:500;a:center;\"\n\t\t\t\t\t\t\t\tdata-dim=\"w:230px;h:56px;\"\n\t\t\t\t\t\t\t\tdata-actions='o:click;a:simplelink;target:_self;url:http:\/\/www.care-trade-international.de\/projects\/;'\n\t\t\t\t\t\t\t\tdata-basealign=\"slide\"\n\t\t\t\t\t\t\t\tdata-padding=\"t:12;r:35;b:12;l:35;\"\n\t\t\t\t\t\t\t\tdata-border=\"bos:solid;boc:rgba(255,255,255,1);bow:1px,1px,1px,1px;\"\n\t\t\t\t\t\t\t\tdata-frame_0=\"y:100%;tp:600;\"\n\t\t\t\t\t\t\t\tdata-frame_1=\"tp:600;e:power4.inOut;st:500;sp:1490;\"\n\t\t\t\t\t\t\t\tdata-frame_999=\"sX:0.7;sY:0.7;o:0;rZ:0deg;tp:600;e:back.in;st:w;\"\n\t\t\t\t\t\t\t\tdata-frame_999_mask=\"u:t;\"\n\t\t\t\t\t\t\t\tdata-frame_hover=\"c:#000;bgc:#fff;boc:#000;bor:0px,0px,0px,0px;bos:solid;bow:0,0,0,0;oX:50;oY:50;sp:0;\"\n\t\t\t\t\t\t\t\tstyle=\"z-index:7;background-color:rgba(122,181,220,0.80);font-family:Roboto;cursor:pointer;outline:none;box-shadow:none;box-sizing:border-box;-moz-box-sizing:border-box;-webkit-box-sizing:border-box;\"\n\t\t\t\t\t\t\t>more \n\t\t\t\t\t\t\t<\/rs-layer><!--\n-->\t\t\t\t\t\t<\/rs-slide>\n\t\t\t\t\t<\/rs-slides>\n\t\t\t\t<\/rs-module>\n\t\t\t\t<script type=\"text\/javascript\">\n\t\t\t\t\tsetREVStartSize({c: 'rev_slider_2_1',rl:[1240,1024,768,480],el:[600],gw:[1400],gh:[600],type:'standard',justify:'',layout:'fullwidth',mh:\"0\"});\n\t\t\t\t\tvar\trevapi2,\n\t\t\t\t\t\ttpj;\n\t\t\t\t\tfunction revinit_revslider21() {\n\t\t\t\t\tjQuery(function() {\n\t\t\t\t\t\ttpj = jQuery;\n\t\t\t\t\t\trevapi2 = tpj(\"#rev_slider_2_1\");\n\t\t\t\t\t\tif(revapi2==undefined || revapi2.revolution == undefined){\n\t\t\t\t\t\t\trevslider_showDoubleJqueryError(\"rev_slider_2_1\");\n\t\t\t\t\t\t}else{\n\t\t\t\t\t\t\trevapi2.revolution({\n\t\t\t\t\t\t\t\tsliderLayout:\"fullwidth\",\n\t\t\t\t\t\t\t\tduration:10000,\n\t\t\t\t\t\t\t\tvisibilityLevels:\"1240,1024,768,480\",\n\t\t\t\t\t\t\t\tgridwidth:1400,\n\t\t\t\t\t\t\t\tgridheight:600,\n\t\t\t\t\t\t\t\tstartDelay:5,\n\t\t\t\t\t\t\t\tperspectiveType:\"local\",\n\t\t\t\t\t\t\t\teditorheight:\"600,500,400,400\",\n\t\t\t\t\t\t\t\tresponsiveLevels:\"1240,1024,768,480\",\n\t\t\t\t\t\t\t\tprogressBar:{disableProgressBar:true},\n\t\t\t\t\t\t\t\tnavigation: {\n\t\t\t\t\t\t\t\t\tmouseScrollNavigation:false,\n\t\t\t\t\t\t\t\t\tonHoverStop:false,\n\t\t\t\t\t\t\t\t\ttouch: {\n\t\t\t\t\t\t\t\t\t\ttouchenabled:true,\n\t\t\t\t\t\t\t\t\t\tswipe_min_touches:50\n\t\t\t\t\t\t\t\t\t},\n\t\t\t\t\t\t\t\t\tbullets: {\n\t\t\t\t\t\t\t\t\t\tenable:true,\n\t\t\t\t\t\t\t\t\t\ttmp:\"\",\n\t\t\t\t\t\t\t\t\t\tstyle:\"custom\",\n\t\t\t\t\t\t\t\t\t\thide_onmobile:true,\n\t\t\t\t\t\t\t\t\t\thide_under:600,\n\t\t\t\t\t\t\t\t\t\tv_offset:30,\n\t\t\t\t\t\t\t\t\t\tspace:20\n\t\t\t\t\t\t\t\t\t}\n\t\t\t\t\t\t\t\t},\n\t\t\t\t\t\t\t\tparallax: {\n\t\t\t\t\t\t\t\t\tlevels:[2,3,4,5,6,7,12,16,10,50,47,48,49,50,51,55],\n\t\t\t\t\t\t\t\t\ttype:\"mouse\",\n\t\t\t\t\t\t\t\t\torigo:\"slidercenter\",\n\t\t\t\t\t\t\t\t\tspeed:2000\n\t\t\t\t\t\t\t\t},\n\t\t\t\t\t\t\t\tfallbacks: {\n\t\t\t\t\t\t\t\t\tallowHTML5AutoPlayOnAndroid:true\n\t\t\t\t\t\t\t\t},\n\t\t\t\t\t\t\t});\n\t\t\t\t\t\t}\n\t\t\t\t\t\t\n\t\t\t\t\t});\n\t\t\t\t\t} \/\/ End of RevInitScript\n\t\t\t\tvar once_revslider21 = false;\n\t\t\t\tif (document.readyState === \"loading\") {document.addEventListener('readystatechange',function() { if((document.readyState === \"interactive\" || document.readyState === \"complete\") && !once_revslider21 ) { once_revslider21 = true; revinit_revslider21();}});} else {once_revslider21 = true; revinit_revslider21();}\n\t\t\t\t<\/script>\n\t\t\t\t<script>\n\t\t\t\t\tvar htmlDivCss = unescape(\".custom.tp-bullets%20%7B%0A%7D%0A.custom.tp-bullets%3Abefore%20%7B%0A%09content%3A%27%20%27%3B%0A%09position%3Aabsolute%3B%0A%09width%3A100%25%3B%0A%09height%3A100%25%3B%0A%09background%3Atransparent%3B%0A%09padding%3A10px%3B%0A%09margin-left%3A-10px%3Bmargin-top%3A-10px%3B%0A%09box-sizing%3Acontent-box%3B%0A%7D%0A.custom%20.tp-bullet%20%7B%0A%09width%3A12px%3B%0A%09height%3A12px%3B%0A%09position%3Aabsolute%3B%0A%09background%3A%23aaa%3B%0A%20%20%20%20background%3Argba%28125%2C125%2C125%2C0.5%29%3B%0A%09cursor%3A%20pointer%3B%0A%09box-sizing%3Acontent-box%3B%0A%7D%0A.custom%20.tp-bullet%3Ahover%2C%0A.custom%20.tp-bullet.selected%20%7B%0A%09background%3Argb%28125%2C125%2C125%29%3B%0A%7D%0A.custom%20.tp-bullet-image%20%7B%0A%7D%0A.custom%20.tp-bullet-title%20%7B%0A%7D%0A%0A\");\n\t\t\t\t\tvar htmlDiv = document.getElementById('rs-plugin-settings-inline-css');\n\t\t\t\t\tif(htmlDiv) {\n\t\t\t\t\t\thtmlDiv.innerHTML = htmlDiv.innerHTML + htmlDivCss;\n\t\t\t\t\t}else{\n\t\t\t\t\t\tvar htmlDiv = document.createElement('div');\n\t\t\t\t\t\thtmlDiv.innerHTML = '<style>' + htmlDivCss + '<\/style>';\n\t\t\t\t\t\tdocument.getElementsByTagName('head')[0].appendChild(htmlDiv.childNodes[0]);\n\t\t\t\t\t}\n\t\t\t\t<\/script>\n\t\t\t\t<script>\n\t\t\t\t\tvar htmlDivCss = unescape(\"%0A%0A%0A\");\n\t\t\t\t\tvar htmlDiv = document.getElementById('rs-plugin-settings-inline-css');\n\t\t\t\t\tif(htmlDiv) {\n\t\t\t\t\t\thtmlDiv.innerHTML = htmlDiv.innerHTML + htmlDivCss;\n\t\t\t\t\t}else{\n\t\t\t\t\t\tvar htmlDiv = document.createElement('div');\n\t\t\t\t\t\thtmlDiv.innerHTML = '<style>' + htmlDivCss + '<\/style>';\n\t\t\t\t\t\tdocument.getElementsByTagName('head')[0].appendChild(htmlDiv.childNodes[0]);\n\t\t\t\t\t}\n\t\t\t\t<\/script>\n\t\t\t<\/rs-module-wrap>\n\t\t\t<!-- END REVOLUTION SLIDER -->\n[\/vc_column][\/vc_row][vc_row][vc_column][vc_empty_space height=&#8221;60px&#8221;][vc_custom_heading text=&#8221;<strong>CareTrade<\/strong> International&#8221; font_container=&#8221;tag:h1|text_align:center|color:%232a395a&#8221; use_theme_fonts=&#8221;yes&#8221;][vc_empty_space height=&#8221;30px&#8221;][vc_column_text]<\/p>\n<h3 style=\"text-align: center;\">Nossa empresa tem sua sede em Ras al Khaimah\/Emirados \u00c1rabes Unidos (nos Emirados \u00c1rabes) e suas ag\u00eancias em Para Chipre Larnaca (Chipre) e Nicosia, na Chipre.<\/h3>\n<h3 style=\"text-align: center;\">N\u00f3s especializamo-no mercado Africano.<\/h3>\n<h3 style=\"text-align: center;\">Nossos clientes s\u00e3o ag\u00eancias governamentais, do IGO (OIG), organiza\u00e7\u00f5es (a base), organiza\u00e7\u00f5es de caridade, atacadistas e varejistas. N\u00f3s temos os melhores contatos com produtores e atacadistas do setor e assim oferecer melhores pre\u00e7os poss\u00edveis para nossos clientes e servi\u00e7os.<\/h3>\n<p>[\/vc_column_text][vc_empty_space height=&#8221;10&#8243;][vc_separator border_width=&#8221;2&#8243; el_width=&#8221;80&#8243;][vc_custom_heading text=&#8221;Nossas atividades incluem:&#8221; font_container=&#8221;tag:h2|text_align:center|color:%237ab5dc&#8221; use_theme_fonts=&#8221;yes&#8221;][vc_empty_space height=&#8221;10px&#8221;][\/vc_column][\/vc_row][vc_row type=&#8221;vc_default&#8221; full_width=&#8221;stretch_row&#8221; gap=&#8221;30&#8243; equal_height=&#8221;yes&#8221; content_placement=&#8221;top&#8221; parallax=&#8221;content-moving&#8221; parallax_image=&#8221;499&#8243; parallax_speed_bg=&#8221;2&#8243; margin_top=&#8221;30&#8243; margin_bottom=&#8221;100&#8243; css=&#8221;.vc_custom_1472897348993{margin-bottom: 30px !important;padding-top: 30px !important;padding-bottom: 30px !important;background-color: #9bc0db !important;}&#8221;][vc_column width=&#8221;1\/3&#8243; css=&#8221;.vc_custom_1472867899093{padding-right: 30px !important;padding-left: 30px !important;background-color: #ffffff !important;background-position: center !important;background-repeat: no-repeat !important;background-size: cover !important;border-radius: 5px !important;}&#8221;][vc_icon icon_fontawesome=&#8221;fa fa-ship&#8221; color=&#8221;white&#8221; background_style=&#8221;rounded-less&#8221; background_color=&#8221;sandy_brown&#8221; size=&#8221;lg&#8221; align=&#8221;center&#8221;][vc_custom_heading text=&#8221;Acquisition and production&#8221; font_container=&#8221;tag:h2|text_align:center|color:%237ab5dc&#8221; use_theme_fonts=&#8221;yes&#8221;][vc_separator border_width=&#8221;2&#8243; el_width=&#8221;80&#8243;][vc_column_text]Acquisition and production of required goods, transport logistics and shipment by sea or by plane to any desired destination.[\/vc_column_text][\/vc_column][vc_column width=&#8221;1\/3&#8243; css=&#8221;.vc_custom_1472867880113{padding-right: 30px !important;padding-left: 30px !important;background-color: #ffffff !important;border-radius: 5px !important;}&#8221;][vc_icon type=&#8221;entypo&#8221; icon_entypo=&#8221;entypo-icon entypo-icon-network&#8221; color=&#8221;white&#8221; background_style=&#8221;rounded-less&#8221; background_color=&#8221;vista_blue&#8221; size=&#8221;lg&#8221; align=&#8221;center&#8221;][vc_custom_heading text=&#8221;Contact and procurement&#8221; font_container=&#8221;tag:h2|text_align:center|color:%237ab5dc&#8221; use_theme_fonts=&#8221;yes&#8221;][vc_separator border_width=&#8221;2&#8243; el_width=&#8221;80&#8243;][vc_column_text]Contact and procurement of orders to internationally active architects\u00b4offices, construction companies, specialized companies in the sectors of telecommunication, hydraulic and water engineering, oil production, railway construction, road construction, energy plant construction, infrastructure construction companies for running electricity cables and the likes.[\/vc_column_text][\/vc_column][vc_column width=&#8221;1\/3&#8243; css=&#8221;.vc_custom_1472867889544{padding-right: 30px !important;padding-left: 30px !important;background-color: #ffffff !important;background-position: center !important;background-repeat: no-repeat !important;background-size: cover !important;border-radius: 5px !important;}&#8221;][vc_icon type=&#8221;entypo&#8221; icon_entypo=&#8221;entypo-icon entypo-icon-user-add&#8221; color=&#8221;white&#8221; background_style=&#8221;rounded-less&#8221; background_color=&#8221;custom&#8221; size=&#8221;lg&#8221; align=&#8221;center&#8221; custom_background_color=&#8221;#7ab5dc&#8221;][vc_custom_heading text=&#8221;Consulting and assistance&#8221; font_container=&#8221;tag:h2|text_align:center|color:%237ab5dc&#8221; use_theme_fonts=&#8221;yes&#8221;][vc_separator border_width=&#8221;2&#8243; el_width=&#8221;80&#8243;][vc_column_text]Consulting and assistance with the acquisition of incentives from the European Union<\/p>\n<p><strong>(For government agencies only).<\/strong>[\/vc_column_text][\/vc_column][\/vc_row][vc_row][vc_column][vc_column_text]<\/p>\n<h3 style=\"text-align: center;\">Estamos ansiosos para as suas ordens<\/h3>\n<h3 style=\"text-align: center;\">Sua equipe de cuidados de com\u00e9rcio internacional<\/h3>\n<p>[\/vc_column_text][vc_separator border_width=&#8221;2&#8243; el_width=&#8221;80&#8243;][\/vc_column][\/vc_row]<\/p>\n","protected":false},"excerpt":{"rendered":"<p>[vc_row margin_top=&#8221;-50&#8243;][vc_column][\/vc_column][\/vc_row][vc_row][vc_column][vc_empty_space height=&#8221;60px&#8221;][vc_custom_heading text=&#8221;CareTrade International&#8221; font_container=&#8221;tag:h1|text_align:center|color:%232a395a&#8221; use_theme_fonts=&#8221;yes&#8221;][vc_empty_space height=&#8221;30px&#8221;][vc_column_text] Nossa empresa tem sua sede em Ras al Khaimah\/Emirados \u00c1rabes Unidos (nos Emirados \u00c1rabes) e suas ag\u00eancias em Para Chipre Larnaca (Chipre) e Nicosia, na Chipre. N\u00f3s especializamo-no mercado Africano. Nossos clientes s\u00e3o ag\u00eancias governamentais, do IGO (OIG), organiza\u00e7\u00f5es (a base), organiza\u00e7\u00f5es de caridade, atacadistas e varejistas.&hellip;<\/p>\n","protected":false},"author":1,"featured_media":0,"parent":0,"menu_order":0,"comment_status":"closed","ping_status":"open","template":"","meta":[],"yoast_head":"<!-- This site is optimized with the Yoast SEO plugin v15.3 - https:\/\/yoast.com\/wordpress\/plugins\/seo\/ -->\n<title>Home - CareTrade International Ltd.<\/title>\n<meta name=\"robots\" content=\"index, follow, max-snippet:-1, max-image-preview:large, max-video-preview:-1\" \/>\n<link rel=\"canonical\" href=\"https:\/\/www.care-trade-international.de\/pt-pt\/\" \/>\n<meta property=\"og:locale\" content=\"pt_PT\" \/>\n<meta property=\"og:type\" content=\"article\" \/>\n<meta property=\"og:title\" content=\"Home - CareTrade International Ltd.\" \/>\n<meta property=\"og:description\" content=\"[vc_row margin_top=&#8221;-50&#8243;][vc_column][\/vc_column][\/vc_row][vc_row][vc_column][vc_empty_space height=&#8221;60px&#8221;][vc_custom_heading text=&#8221;CareTrade International&#8221; font_container=&#8221;tag:h1|text_align:center|color:%232a395a&#8221; use_theme_fonts=&#8221;yes&#8221;][vc_empty_space height=&#8221;30px&#8221;][vc_column_text] Nossa empresa tem sua sede em Ras al Khaimah\/Emirados \u00c1rabes Unidos (nos Emirados \u00c1rabes) e suas ag\u00eancias em Para Chipre Larnaca (Chipre) e Nicosia, na Chipre. N\u00f3s especializamo-no mercado Africano. Nossos clientes s\u00e3o ag\u00eancias governamentais, do IGO (OIG), organiza\u00e7\u00f5es (a base), organiza\u00e7\u00f5es de caridade, atacadistas e varejistas.&hellip;\" \/>\n<meta property=\"og:url\" content=\"https:\/\/www.care-trade-international.de\/pt-pt\/\" \/>\n<meta property=\"og:site_name\" content=\"CareTrade International Ltd.\" \/>\n<meta property=\"article:modified_time\" content=\"2019-03-27T19:58:51+00:00\" \/>\n<meta name=\"twitter:card\" content=\"summary\" \/>\n<meta name=\"twitter:label1\" content=\"Written by\">\n\t<meta name=\"twitter:data1\" content=\"Jakob\">\n\t<meta name=\"twitter:label2\" content=\"Est. reading time\">\n\t<meta name=\"twitter:data2\" content=\"2 minutos\">\n<script type=\"application\/ld+json\" class=\"yoast-schema-graph\">{\"@context\":\"https:\/\/schema.org\",\"@graph\":[{\"@type\":\"WebSite\",\"@id\":\"https:\/\/www.care-trade-international.de\/#website\",\"url\":\"https:\/\/www.care-trade-international.de\/\",\"name\":\"CareTrade International Ltd.\",\"description\":\"Limited\",\"potentialAction\":[{\"@type\":\"SearchAction\",\"target\":\"https:\/\/www.care-trade-international.de\/?s={search_term_string}\",\"query-input\":\"required name=search_term_string\"}],\"inLanguage\":\"pt-PT\"},{\"@type\":\"WebPage\",\"@id\":\"https:\/\/www.care-trade-international.de\/pt-pt\/#webpage\",\"url\":\"https:\/\/www.care-trade-international.de\/pt-pt\/\",\"name\":\"Home - CareTrade International Ltd.\",\"isPartOf\":{\"@id\":\"https:\/\/www.care-trade-international.de\/#website\"},\"datePublished\":\"2016-09-13T07:44:39+00:00\",\"dateModified\":\"2019-03-27T19:58:51+00:00\",\"inLanguage\":\"pt-PT\",\"potentialAction\":[{\"@type\":\"ReadAction\",\"target\":[\"https:\/\/www.care-trade-international.de\/pt-pt\/\"]}]}]}<\/script>\n<!-- \/ Yoast SEO plugin. -->","_links":{"self":[{"href":"https:\/\/www.care-trade-international.de\/pt-pt\/wp-json\/wp\/v2\/pages\/726\/"}],"collection":[{"href":"https:\/\/www.care-trade-international.de\/pt-pt\/wp-json\/wp\/v2\/pages\/"}],"about":[{"href":"https:\/\/www.care-trade-international.de\/pt-pt\/wp-json\/wp\/v2\/types\/page\/"}],"author":[{"embeddable":true,"href":"https:\/\/www.care-trade-international.de\/pt-pt\/wp-json\/wp\/v2\/users\/1\/"}],"replies":[{"embeddable":true,"href":"https:\/\/www.care-trade-international.de\/pt-pt\/wp-json\/wp\/v2\/comments\/?post=726"}],"version-history":[{"count":0,"href":"https:\/\/www.care-trade-international.de\/pt-pt\/wp-json\/wp\/v2\/pages\/726\/revisions\/"}],"wp:attachment":[{"href":"https:\/\/www.care-trade-international.de\/pt-pt\/wp-json\/wp\/v2\/media\/?parent=726"}],"curies":[{"name":"wp","href":"https:\/\/api.w.org\/{rel}","templated":true}]}}